{"id":1829,"date":"2025-05-27T20:08:07","date_gmt":"2025-05-27T18:08:07","guid":{"rendered":"https:\/\/www.compagnie-aya.com\/?page_id=1829"},"modified":"2025-11-19T12:23:04","modified_gmt":"2025-11-19T11:23:04","slug":"la-fabrique-de-noel","status":"publish","type":"page","link":"https:\/\/www.compagnie-aya.com\/?page_id=1829","title":{"rendered":"La Fabrique de No\u00ebl"},"content":{"rendered":"\n<p><strong><em><mark style=\"background-color:rgba(0, 0, 0, 0);color:#06b165\" class=\"has-inline-color\">Spectacle musical, th\u00e9\u00e2tral et interactif<br>Pour les enfants de 6-36 mois ou de 6 mois &#8211; 6 ans<\/mark><\/em><\/strong><\/p>\n\n\n\n<figure class=\"wp-block-gallery has-nested-images columns-default is-cropped wp-block-gallery-1 is-layout-flex wp-block-gallery-is-layout-flex\">\n<figure class=\"wp-block-image size-large\"><img loading=\"lazy\" decoding=\"async\" width=\"1024\" height=\"797\" data-id=\"1856\" src=\"https:\/\/www.compagnie-aya.com\/wp-content\/uploads\/2025\/05\/Pirates-1024x797.jpg\" alt=\"\" class=\"wp-image-1856\" srcset=\"https:\/\/www.compagnie-aya.com\/wp-content\/uploads\/2025\/05\/Pirates-1024x797.jpg 1024w, https:\/\/www.compagnie-aya.com\/wp-content\/uploads\/2025\/05\/Pirates-300x234.jpg 300w, https:\/\/www.compagnie-aya.com\/wp-content\/uploads\/2025\/05\/Pirates-768x598.jpg 768w, https:\/\/www.compagnie-aya.com\/wp-content\/uploads\/2025\/05\/Pirates-1536x1196.jpg 1536w, https:\/\/www.compagnie-aya.com\/wp-content\/uploads\/2025\/05\/Pirates-2048x1594.jpg 2048w\" sizes=\"auto, (max-width: 1024px) 100vw, 1024px\" \/><\/figure>\n\n\n\n<figure class=\"wp-block-image size-large\"><img loading=\"lazy\" decoding=\"async\" width=\"1024\" height=\"742\" data-id=\"1853\" src=\"https:\/\/www.compagnie-aya.com\/wp-content\/uploads\/2025\/05\/Froid-1024x742.jpg\" alt=\"\" class=\"wp-image-1853\" srcset=\"https:\/\/www.compagnie-aya.com\/wp-content\/uploads\/2025\/05\/Froid-1024x742.jpg 1024w, https:\/\/www.compagnie-aya.com\/wp-content\/uploads\/2025\/05\/Froid-300x218.jpg 300w, https:\/\/www.compagnie-aya.com\/wp-content\/uploads\/2025\/05\/Froid-768x557.jpg 768w, https:\/\/www.compagnie-aya.com\/wp-content\/uploads\/2025\/05\/Froid-1536x1114.jpg 1536w, https:\/\/www.compagnie-aya.com\/wp-content\/uploads\/2025\/05\/Froid-2048x1485.jpg 2048w\" sizes=\"auto, (max-width: 1024px) 100vw, 1024px\" \/><\/figure>\n\n\n\n<figure class=\"wp-block-image size-large\"><img loading=\"lazy\" decoding=\"async\" width=\"1024\" height=\"803\" data-id=\"1848\" src=\"https:\/\/www.compagnie-aya.com\/wp-content\/uploads\/2025\/05\/Chat-1024x803.jpg\" alt=\"\" class=\"wp-image-1848\" srcset=\"https:\/\/www.compagnie-aya.com\/wp-content\/uploads\/2025\/05\/Chat-1024x803.jpg 1024w, https:\/\/www.compagnie-aya.com\/wp-content\/uploads\/2025\/05\/Chat-300x235.jpg 300w, https:\/\/www.compagnie-aya.com\/wp-content\/uploads\/2025\/05\/Chat-768x602.jpg 768w, https:\/\/www.compagnie-aya.com\/wp-content\/uploads\/2025\/05\/Chat-1536x1205.jpg 1536w, https:\/\/www.compagnie-aya.com\/wp-content\/uploads\/2025\/05\/Chat-2048x1606.jpg 2048w\" sizes=\"auto, (max-width: 1024px) 100vw, 1024px\" \/><\/figure>\n<\/figure>\n\n\n\n<p><mark style=\"background-color:rgba(0, 0, 0, 0)\" class=\"has-inline-color has-black-color\"><strong>No\u00ebl approche ! Mais un matin, le P\u00e8re No\u00ebl a disparu et les lutins ont d\u00e9sert\u00e9 la fabrique de jouets. Qui saura les remplacer pour sauver No\u00ebl ?<br>Deux com\u00e9diennes nous font partager cette aventure, ponctu\u00e9e de chants de No\u00ebl connus, de moments musicaux originaux et d\u2019\u00e9changes interactifs.<br>Le d\u00e9cor se transforme, d\u2019un atelier de confection de g\u00e2teaux \u00e0 un laboratoire de recherche et m\u00eame en tra\u00eeneau du P\u00e8re No\u00ebl !<\/strong><\/mark><br><br><\/p>\n\n\n\n<figure class=\"wp-block-embed is-type-video is-provider-youtube wp-block-embed-youtube wp-embed-aspect-16-9 wp-has-aspect-ratio\"><div class=\"wp-block-embed__wrapper\">\n<iframe loading=\"lazy\" title=\"La Fabrique de Noe\u0308l\" width=\"990\" height=\"557\" src=\"https:\/\/www.youtube.com\/embed\/xtYmPBRrQ4k?feature=oembed\" frameborder=\"0\" allow=\"accelerometer; autoplay; clipboard-write; encrypted-media; gyroscope; picture-in-picture; web-share\" referrerpolicy=\"strict-origin-when-cross-origin\" allowfullscreen><\/iframe>\n<\/div><\/figure>\n\n\n\n<p><br><\/p>\n\n\n\n<div class=\"wp-block-media-text has-media-on-the-right is-stacked-on-mobile\" style=\"grid-template-columns:auto 26%\"><div class=\"wp-block-media-text__content\">\n<p><strong><mark style=\"background-color:rgba(0, 0, 0, 0)\" class=\"has-inline-color has-black-color\"><strong><em><mark style=\"background-color:rgba(0, 0, 0, 0);color:#06b165\" class=\"has-inline-color\">Ce que vous pourrez trouver dans le spectacle <\/mark><\/em><\/strong><\/mark><\/strong><br>\u2606 les sensations visuelles, auditives, gustatives<br>\u2606 les saisons, les contrastes <br>\u2606 des jeux de d\u00eenette et de cache-cache<br>\u2606 des jeux rythmiques<br>\u2606 souffler, respirer, se d\u00e9tendre, s&rsquo;\u00e9tirer, prendre le temps <br>\u2606 s&rsquo;ennuyer, inventer, r\u00eaver, imaginer<br>\u2606 l&rsquo;humour qui d\u00e9samorce et qui d\u00e9dramatise <br>\u2606 l&rsquo;importance du collectif <br>\u2606 la beaut\u00e9 de la nature<br>\u2606 des mots sign\u00e9s (LSF)<br><\/p>\n<\/div><figure class=\"wp-block-media-text__media\"><img loading=\"lazy\" decoding=\"async\" width=\"896\" height=\"1024\" src=\"https:\/\/www.compagnie-aya.com\/wp-content\/uploads\/2025\/05\/Clown-896x1024.jpg\" alt=\"\" class=\"wp-image-1850 size-full\" srcset=\"https:\/\/www.compagnie-aya.com\/wp-content\/uploads\/2025\/05\/Clown-896x1024.jpg 896w, https:\/\/www.compagnie-aya.com\/wp-content\/uploads\/2025\/05\/Clown-262x300.jpg 262w, https:\/\/www.compagnie-aya.com\/wp-content\/uploads\/2025\/05\/Clown-768x878.jpg 768w, https:\/\/www.compagnie-aya.com\/wp-content\/uploads\/2025\/05\/Clown-1344x1536.jpg 1344w, https:\/\/www.compagnie-aya.com\/wp-content\/uploads\/2025\/05\/Clown-1791x2048.jpg 1791w, https:\/\/www.compagnie-aya.com\/wp-content\/uploads\/2025\/05\/Clown.jpg 1920w\" sizes=\"auto, (max-width: 896px) 100vw, 896px\" \/><\/figure><\/div>\n\n\n\n<p><br><br><\/p>\n\n\n\n<div class=\"wp-block-media-text is-stacked-on-mobile\" style=\"grid-template-columns:27% auto\"><figure class=\"wp-block-media-text__media\"><img loading=\"lazy\" decoding=\"async\" width=\"627\" height=\"1024\" src=\"https:\/\/www.compagnie-aya.com\/wp-content\/uploads\/2025\/05\/Boom-627x1024.jpg\" alt=\"\" class=\"wp-image-1847 size-full\" srcset=\"https:\/\/www.compagnie-aya.com\/wp-content\/uploads\/2025\/05\/Boom-627x1024.jpg 627w, https:\/\/www.compagnie-aya.com\/wp-content\/uploads\/2025\/05\/Boom-184x300.jpg 184w, https:\/\/www.compagnie-aya.com\/wp-content\/uploads\/2025\/05\/Boom-768x1254.jpg 768w, https:\/\/www.compagnie-aya.com\/wp-content\/uploads\/2025\/05\/Boom-941x1536.jpg 941w, https:\/\/www.compagnie-aya.com\/wp-content\/uploads\/2025\/05\/Boom-1254x2048.jpg 1254w, https:\/\/www.compagnie-aya.com\/wp-content\/uploads\/2025\/05\/Boom-scaled.jpg 1568w\" sizes=\"auto, (max-width: 627px) 100vw, 627px\" \/><\/figure><div class=\"wp-block-media-text__content\">\n<p><strong><mark style=\"background-color:rgba(0, 0, 0, 0)\" class=\"has-inline-color has-black-color\"><strong><em><mark style=\"background-color:rgba(0, 0, 0, 0);color:#06b165\" class=\"has-inline-color\">El\u00e9ments musicaux <\/mark><\/em><\/strong><\/mark><\/strong><br> \u266a des boomwhackers (tubes color\u00e9s et accord\u00e9s)<br> \u266a des cloches accord\u00e9es (et color\u00e9es)<br> \u266a des lames sonores<br> \u266a des grelots et des clochettes<br> \u266a une bo\u00eete \u00e0 musique<br> \u266a des appeaux<br> \u266a un b\u00e2ton de pluie<br> \u266a un kazoo<br> \u266a des claves<br> \u266a un b\u00e2ton de pluie<br> \u266a un tambour d&rsquo;eau<br> \u266a un clavier<br> \u266a des objets du quotidien<\/p>\n<\/div><\/div>\n\n\n\n\n\n<p><\/p>\n\n\n\n<p><br><br><br><\/p>\n\n\n\n<p><em>Notre spectacle ne contient aucun \u00e9l\u00e9ment religieux. Nous avons modifi\u00e9 les paroles de certains chants traditionnels afin qu&rsquo;elles correspondent \u00e0 l&rsquo;histoire que nous racontons et  \u00e9galement dans un certain esprit de la\u00efcit\u00e9.<\/em><\/p>\n\n\n\n<p><br><\/p>\n\n\n\n<p><\/p>\n\n\n<div class=\"wp-block-image\">\n<figure class=\"alignright size-large is-resized\"><img loading=\"lazy\" decoding=\"async\" width=\"1024\" height=\"680\" src=\"https:\/\/www.compagnie-aya.com\/wp-content\/uploads\/2025\/05\/DSC_2425-1-1024x680.jpg\" alt=\"\" class=\"wp-image-2001\" style=\"width:483px;height:auto\" srcset=\"https:\/\/www.compagnie-aya.com\/wp-content\/uploads\/2025\/05\/DSC_2425-1-1024x680.jpg 1024w, https:\/\/www.compagnie-aya.com\/wp-content\/uploads\/2025\/05\/DSC_2425-1-300x199.jpg 300w, https:\/\/www.compagnie-aya.com\/wp-content\/uploads\/2025\/05\/DSC_2425-1-768x510.jpg 768w, https:\/\/www.compagnie-aya.com\/wp-content\/uploads\/2025\/05\/DSC_2425-1-1536x1020.jpg 1536w, https:\/\/www.compagnie-aya.com\/wp-content\/uploads\/2025\/05\/DSC_2425-1-2048x1359.jpg 2048w\" sizes=\"auto, (max-width: 1024px) 100vw, 1024px\" \/><\/figure>\n<\/div>\n\n\n<p class=\"has-text-align-left\"><em><strong>R\u00c9SUM\u00c9 DES INFORMATIONS TECHNIQUES<\/strong> <\/em><br>\u25f7 Dur\u00e9e: 25 ou 40 minutes<br>\u25a0 Espace de jeu : 4 m sur 4 m<br>\u25c9 Jauge: jusqu&rsquo;\u00e0 100 personnes<br>\u29d7Installation : 1h30<\/p>\n\n\n\n<div class=\"wp-block-group\"><div class=\"wp-block-group__inner-container is-layout-constrained wp-block-group-is-layout-constrained\">\n<div class=\"wp-block-buttons is-content-justification-space-between is-layout-flex wp-container-core-buttons-is-layout-3d213aab wp-block-buttons-is-layout-flex\">\n<div class=\"wp-block-button is-style-fill\"><a class=\"wp-block-button__link has-blue-background-color has-background wp-element-button\" href=\"https:\/\/www.compagnie-aya.com\/?page_id=551\" style=\"border-radius:13px\">toutes les informations techniques<\/a><\/div>\n<\/div>\n<\/div><\/div>\n\n\n\n<p class=\"has-text-align-left\"><br><\/p>\n\n\n\n<p><\/p>\n\n\n\n<p><strong><em>PRIX<\/em><\/strong><br>Tarif modulable en fonction du nombre de repr\u00e9sentations et de la distance \u00e0 parcourir (nous consulter).<br>Nous envoyons dossier de pr\u00e9sentation et devis sur demande.<\/p>\n\n\n\n\n\n<p class=\"has-text-align-left\"><\/p>\n\n\n\n<p><br><br><\/p>\n\n\n\n<p><\/p>\n\n\n\n<div class=\"wp-block-buttons is-layout-flex wp-block-buttons-is-layout-flex\">\n<div class=\"wp-block-button\"><a class=\"wp-block-button__link has-background wp-element-button\" href=\"https:\/\/www.compagnie-aya.com\/?page_id=560\" style=\"border-radius:13px;background-color:#90a4ae\">DISTRIBUTION<\/a><\/div>\n<\/div>\n\n\n\n<p><\/p>\n\n\n\n<p><br><br><br><\/p>\n\n\n\n<p><\/p>\n\n\n\n<figure class=\"wp-block-gallery has-nested-images columns-default is-cropped wp-block-gallery-2 is-layout-flex wp-block-gallery-is-layout-flex\">\n<figure class=\"wp-block-image size-large\"><img loading=\"lazy\" decoding=\"async\" width=\"683\" height=\"1024\" data-id=\"2055\" src=\"https:\/\/www.compagnie-aya.com\/wp-content\/uploads\/2025\/06\/RL3C2111-683x1024.jpg\" alt=\"\" class=\"wp-image-2055\" srcset=\"https:\/\/www.compagnie-aya.com\/wp-content\/uploads\/2025\/06\/RL3C2111-683x1024.jpg 683w, https:\/\/www.compagnie-aya.com\/wp-content\/uploads\/2025\/06\/RL3C2111-200x300.jpg 200w, https:\/\/www.compagnie-aya.com\/wp-content\/uploads\/2025\/06\/RL3C2111-768x1152.jpg 768w, https:\/\/www.compagnie-aya.com\/wp-content\/uploads\/2025\/06\/RL3C2111-1024x1536.jpg 1024w, https:\/\/www.compagnie-aya.com\/wp-content\/uploads\/2025\/06\/RL3C2111-1365x2048.jpg 1365w, https:\/\/www.compagnie-aya.com\/wp-content\/uploads\/2025\/06\/RL3C2111-scaled.jpg 1707w\" sizes=\"auto, (max-width: 683px) 100vw, 683px\" \/><\/figure>\n\n\n\n<figure class=\"wp-block-image size-large\"><img loading=\"lazy\" decoding=\"async\" width=\"683\" height=\"1024\" data-id=\"2053\" src=\"https:\/\/www.compagnie-aya.com\/wp-content\/uploads\/2025\/06\/RL3C2193-683x1024.jpg\" alt=\"\" class=\"wp-image-2053\" srcset=\"https:\/\/www.compagnie-aya.com\/wp-content\/uploads\/2025\/06\/RL3C2193-683x1024.jpg 683w, https:\/\/www.compagnie-aya.com\/wp-content\/uploads\/2025\/06\/RL3C2193-200x300.jpg 200w, https:\/\/www.compagnie-aya.com\/wp-content\/uploads\/2025\/06\/RL3C2193-768x1152.jpg 768w, https:\/\/www.compagnie-aya.com\/wp-content\/uploads\/2025\/06\/RL3C2193-1024x1536.jpg 1024w, https:\/\/www.compagnie-aya.com\/wp-content\/uploads\/2025\/06\/RL3C2193-1365x2048.jpg 1365w, https:\/\/www.compagnie-aya.com\/wp-content\/uploads\/2025\/06\/RL3C2193-scaled.jpg 1707w\" sizes=\"auto, (max-width: 683px) 100vw, 683px\" \/><\/figure>\n\n\n\n<figure class=\"wp-block-image size-large\"><img loading=\"lazy\" decoding=\"async\" width=\"683\" height=\"1024\" data-id=\"2049\" src=\"https:\/\/www.compagnie-aya.com\/wp-content\/uploads\/2025\/06\/RL3C2214-683x1024.jpg\" alt=\"\" class=\"wp-image-2049\" srcset=\"https:\/\/www.compagnie-aya.com\/wp-content\/uploads\/2025\/06\/RL3C2214-683x1024.jpg 683w, https:\/\/www.compagnie-aya.com\/wp-content\/uploads\/2025\/06\/RL3C2214-200x300.jpg 200w, https:\/\/www.compagnie-aya.com\/wp-content\/uploads\/2025\/06\/RL3C2214-768x1152.jpg 768w, https:\/\/www.compagnie-aya.com\/wp-content\/uploads\/2025\/06\/RL3C2214-1024x1536.jpg 1024w, https:\/\/www.compagnie-aya.com\/wp-content\/uploads\/2025\/06\/RL3C2214-1365x2048.jpg 1365w, https:\/\/www.compagnie-aya.com\/wp-content\/uploads\/2025\/06\/RL3C2214-scaled.jpg 1707w\" sizes=\"auto, (max-width: 683px) 100vw, 683px\" \/><\/figure>\n\n\n\n<figure class=\"wp-block-image size-large\"><img loading=\"lazy\" decoding=\"async\" width=\"683\" height=\"1024\" data-id=\"2052\" src=\"https:\/\/www.compagnie-aya.com\/wp-content\/uploads\/2025\/06\/RL3C2405-683x1024.jpg\" alt=\"\" class=\"wp-image-2052\" srcset=\"https:\/\/www.compagnie-aya.com\/wp-content\/uploads\/2025\/06\/RL3C2405-683x1024.jpg 683w, https:\/\/www.compagnie-aya.com\/wp-content\/uploads\/2025\/06\/RL3C2405-200x300.jpg 200w, https:\/\/www.compagnie-aya.com\/wp-content\/uploads\/2025\/06\/RL3C2405-768x1152.jpg 768w, https:\/\/www.compagnie-aya.com\/wp-content\/uploads\/2025\/06\/RL3C2405-1024x1536.jpg 1024w, https:\/\/www.compagnie-aya.com\/wp-content\/uploads\/2025\/06\/RL3C2405-1365x2048.jpg 1365w, https:\/\/www.compagnie-aya.com\/wp-content\/uploads\/2025\/06\/RL3C2405-scaled.jpg 1707w\" sizes=\"auto, (max-width: 683px) 100vw, 683px\" \/><\/figure>\n\n\n\n<figure class=\"wp-block-image size-large\"><img loading=\"lazy\" decoding=\"async\" width=\"769\" height=\"1024\" data-id=\"2085\" src=\"https:\/\/www.compagnie-aya.com\/wp-content\/uploads\/2025\/06\/DSC_2475-769x1024.jpg\" alt=\"\" class=\"wp-image-2085\" srcset=\"https:\/\/www.compagnie-aya.com\/wp-content\/uploads\/2025\/06\/DSC_2475-769x1024.jpg 769w, https:\/\/www.compagnie-aya.com\/wp-content\/uploads\/2025\/06\/DSC_2475-225x300.jpg 225w, https:\/\/www.compagnie-aya.com\/wp-content\/uploads\/2025\/06\/DSC_2475-768x1023.jpg 768w, https:\/\/www.compagnie-aya.com\/wp-content\/uploads\/2025\/06\/DSC_2475-1153x1536.jpg 1153w, https:\/\/www.compagnie-aya.com\/wp-content\/uploads\/2025\/06\/DSC_2475-1537x2048.jpg 1537w, https:\/\/www.compagnie-aya.com\/wp-content\/uploads\/2025\/06\/DSC_2475-scaled.jpg 1922w\" sizes=\"auto, (max-width: 769px) 100vw, 769px\" \/><\/figure>\n\n\n\n<figure class=\"wp-block-image size-large\"><img loading=\"lazy\" decoding=\"async\" width=\"738\" height=\"1024\" data-id=\"1854\" src=\"https:\/\/www.compagnie-aya.com\/wp-content\/uploads\/2025\/05\/Noel-738x1024.jpg\" alt=\"\" class=\"wp-image-1854\" srcset=\"https:\/\/www.compagnie-aya.com\/wp-content\/uploads\/2025\/05\/Noel-738x1024.jpg 738w, https:\/\/www.compagnie-aya.com\/wp-content\/uploads\/2025\/05\/Noel-216x300.jpg 216w, https:\/\/www.compagnie-aya.com\/wp-content\/uploads\/2025\/05\/Noel-768x1066.jpg 768w, https:\/\/www.compagnie-aya.com\/wp-content\/uploads\/2025\/05\/Noel-1107x1536.jpg 1107w, https:\/\/www.compagnie-aya.com\/wp-content\/uploads\/2025\/05\/Noel-1475x2048.jpg 1475w, https:\/\/www.compagnie-aya.com\/wp-content\/uploads\/2025\/05\/Noel-scaled.jpg 1844w\" sizes=\"auto, (max-width: 738px) 100vw, 738px\" \/><\/figure>\n<\/figure>\n\n\n\n<p><br><\/p>\n\n\n\n<div class=\"wp-block-columns is-layout-flex wp-container-core-columns-is-layout-9d6595d7 wp-block-columns-is-layout-flex\">\n<div class=\"wp-block-column is-layout-flow wp-block-column-is-layout-flow\">\n<div class=\"wp-block-buttons is-content-justification-center is-layout-flex wp-container-core-buttons-is-layout-16018d1d wp-block-buttons-is-layout-flex\">\n<div class=\"wp-block-button\"><a class=\"wp-block-button__link has-background wp-element-button\" href=\"https:\/\/www.compagnie-aya.com\/?page_id=49\" style=\"border-radius:13px;background-color:#ff692f\">DANS MON COCON<\/a><\/div>\n<\/div>\n<\/div>\n\n\n\n<div class=\"wp-block-column is-layout-flow wp-block-column-is-layout-flow\">\n<div class=\"wp-block-buttons is-content-justification-center is-layout-flex wp-container-core-buttons-is-layout-16018d1d wp-block-buttons-is-layout-flex\">\n<div class=\"wp-block-button\"><a class=\"wp-block-button__link has-background wp-element-button\" href=\"https:\/\/www.compagnie-aya.com\/?page_id=40\" style=\"border-radius:13px;background-color:#004891\">LES COULEURS DE L&rsquo;EAU<\/a><\/div>\n<\/div>\n<\/div>\n\n\n\n<div class=\"wp-block-column is-layout-flow wp-block-column-is-layout-flow\">\n<div class=\"wp-block-buttons is-content-justification-center is-layout-flex wp-container-core-buttons-is-layout-16018d1d wp-block-buttons-is-layout-flex\">\n<div class=\"wp-block-button\"><a class=\"wp-block-button__link has-background wp-element-button\" href=\"https:\/\/www.compagnie-aya.com\/\" style=\"border-radius:13px;background-color:#90a4ae\">ACCUEIL<\/a><\/div>\n<\/div>\n<\/div>\n<\/div>\n\n\n\n<p><\/p>\n","protected":false},"excerpt":{"rendered":"<p> &hellip; <a href=\"https:\/\/www.compagnie-aya.com\/?page_id=1829\" class=\"more-link\"><span class=\"more-button\"><span class=\"screen-reader-text\">La Fabrique de No\u00ebl<\/span><\/span><\/a><\/p>\n","protected":false},"author":1,"featured_media":0,"parent":0,"menu_order":0,"comment_status":"closed","ping_status":"closed","template":"","meta":{"footnotes":""},"class_list":["post-1829","page","type-page","status-publish","hentry"],"_links":{"self":[{"href":"https:\/\/www.compagnie-aya.com\/index.php?rest_route=\/wp\/v2\/pages\/1829","targetHints":{"allow":["GET"]}}],"collection":[{"href":"https:\/\/www.compagnie-aya.com\/index.php?rest_route=\/wp\/v2\/pages"}],"about":[{"href":"https:\/\/www.compagnie-aya.com\/index.php?rest_route=\/wp\/v2\/types\/page"}],"author":[{"embeddable":true,"href":"https:\/\/www.compagnie-aya.com\/index.php?rest_route=\/wp\/v2\/users\/1"}],"replies":[{"embeddable":true,"href":"https:\/\/www.compagnie-aya.com\/index.php?rest_route=%2Fwp%2Fv2%2Fcomments&post=1829"}],"version-history":[{"count":115,"href":"https:\/\/www.compagnie-aya.com\/index.php?rest_route=\/wp\/v2\/pages\/1829\/revisions"}],"predecessor-version":[{"id":2238,"href":"https:\/\/www.compagnie-aya.com\/index.php?rest_route=\/wp\/v2\/pages\/1829\/revisions\/2238"}],"wp:attachment":[{"href":"https:\/\/www.compagnie-aya.com\/index.php?rest_route=%2Fwp%2Fv2%2Fmedia&parent=1829"}],"curies":[{"name":"wp","href":"https:\/\/api.w.org\/{rel}","templated":true}]}}