{"id":83,"date":"2022-06-23T21:29:03","date_gmt":"2022-06-23T19:29:03","guid":{"rendered":"https:\/\/www.compagnie-aya.com\/?page_id=83"},"modified":"2025-05-24T23:56:35","modified_gmt":"2025-05-24T21:56:35","slug":"spectacles","status":"publish","type":"page","link":"https:\/\/www.compagnie-aya.com\/?page_id=83","title":{"rendered":"Les spectacles"},"content":{"rendered":"\n<p id=\"block-2c7ccc4d-146f-47e6-8470-3235c7c782a0\"><\/p>\n\n\n\n<p><em>En cliquant sur le titre de chacun de nos spectacles au bas de cette page, vous pourrez d\u00e9couvrir le teaser et <\/em><br><em>les informations le concernant.<\/em><\/p>\n\n\n\n<div class=\"wp-block-columns is-layout-flex wp-container-core-columns-is-layout-9d6595d7 wp-block-columns-is-layout-flex\">\n<div class=\"wp-block-column is-layout-flow wp-block-column-is-layout-flow\" style=\"flex-basis:33.33%\">\n<figure class=\"wp-block-image size-large\"><img loading=\"lazy\" decoding=\"async\" width=\"1024\" height=\"840\" src=\"https:\/\/www.compagnie-aya.com\/wp-content\/uploads\/2022\/06\/DSC4095-1024x840.jpg\" alt=\"\" class=\"wp-image-250\" srcset=\"https:\/\/www.compagnie-aya.com\/wp-content\/uploads\/2022\/06\/DSC4095-1024x840.jpg 1024w, https:\/\/www.compagnie-aya.com\/wp-content\/uploads\/2022\/06\/DSC4095-300x246.jpg 300w, https:\/\/www.compagnie-aya.com\/wp-content\/uploads\/2022\/06\/DSC4095-768x630.jpg 768w, https:\/\/www.compagnie-aya.com\/wp-content\/uploads\/2022\/06\/DSC4095-1536x1261.jpg 1536w, https:\/\/www.compagnie-aya.com\/wp-content\/uploads\/2022\/06\/DSC4095-2048x1681.jpg 2048w\" sizes=\"auto, (max-width: 1024px) 100vw, 1024px\" \/><\/figure>\n<\/div>\n\n\n\n<div class=\"wp-block-column is-layout-flow wp-block-column-is-layout-flow\" style=\"flex-basis:66.66%\">\n<p><br>Nos spectacles sont destin\u00e9s au tr\u00e8s jeune public. Ils existent en 2 versions :<br>pour les enfants de 6-36 mois (version cr\u00e8che)<br>et pour les enfants de 6 mois-6 ans (version maternelle \/ tout public).<\/p>\n\n\n\n<p>Ils m\u00ealent th\u00e9\u00e2tre et conte, musique et chant, marionnette et manipulation d&rsquo;objets.<br>Les d\u00e9cors sont color\u00e9s et lumineux pour maintenir l&rsquo;attention. <br>Les accessoires sont souvent issus de la r\u00e9cup\u00e9ration, sujet qui nous est cher.<\/p>\n<\/div>\n<\/div>\n\n\n\n<div class=\"wp-block-columns is-layout-flex wp-container-core-columns-is-layout-9d6595d7 wp-block-columns-is-layout-flex\">\n<div class=\"wp-block-column is-layout-flow wp-block-column-is-layout-flow\" style=\"flex-basis:66.66%\">\n<p><\/p>\n\n\n\n<p>Notre univers est rempli de po\u00e9sie, d&rsquo;humour et de dynamisme.<br>Nous aimons stimuler l&rsquo;imaginaire et la m\u00e9moire sensorielle des spectateurs.<br>Et il nous importe aussi que nos spectacles plaisent aux adultes.<\/p>\n\n\n\n<p id=\"block-3ed15577-d50f-4113-b9af-9edff7753121\">Nous nous produisons tout au long de l&rsquo;ann\u00e9e.<br>Chaque repr\u00e9sentation est suivie d&rsquo;un \u00e9change avec le public.<\/p>\n<\/div>\n\n\n\n<div class=\"wp-block-column is-layout-flow wp-block-column-is-layout-flow\" style=\"flex-basis:33.33%\">\n<figure class=\"wp-block-image size-large\"><img loading=\"lazy\" decoding=\"async\" width=\"1003\" height=\"1024\" src=\"https:\/\/www.compagnie-aya.com\/wp-content\/uploads\/2022\/06\/DSC1234-degout-1003x1024.png\" alt=\"\" class=\"wp-image-247\" srcset=\"https:\/\/www.compagnie-aya.com\/wp-content\/uploads\/2022\/06\/DSC1234-degout-1003x1024.png 1003w, https:\/\/www.compagnie-aya.com\/wp-content\/uploads\/2022\/06\/DSC1234-degout-294x300.png 294w, https:\/\/www.compagnie-aya.com\/wp-content\/uploads\/2022\/06\/DSC1234-degout-768x784.png 768w, https:\/\/www.compagnie-aya.com\/wp-content\/uploads\/2022\/06\/DSC1234-degout-1504x1536.png 1504w, https:\/\/www.compagnie-aya.com\/wp-content\/uploads\/2022\/06\/DSC1234-degout-2005x2048.png 2005w\" sizes=\"auto, (max-width: 1003px) 100vw, 1003px\" \/><\/figure>\n<\/div>\n<\/div>\n\n\n\n<p><\/p>\n\n\n\n\n\n<div class=\"wp-block-columns is-layout-flex wp-container-core-columns-is-layout-9d6595d7 wp-block-columns-is-layout-flex\">\n<div class=\"wp-block-column is-layout-flow wp-block-column-is-layout-flow\">\n<figure class=\"wp-block-image size-full\"><a href=\"https:\/\/www.compagnie-aya.com\/?page_id=49\"><img loading=\"lazy\" decoding=\"async\" width=\"768\" height=\"540\" src=\"https:\/\/www.compagnie-aya.com\/wp-content\/uploads\/2022\/09\/Spec-Dans-Cocon.jpg\" alt=\"\" class=\"wp-image-844\" srcset=\"https:\/\/www.compagnie-aya.com\/wp-content\/uploads\/2022\/09\/Spec-Dans-Cocon.jpg 768w, https:\/\/www.compagnie-aya.com\/wp-content\/uploads\/2022\/09\/Spec-Dans-Cocon-300x211.jpg 300w\" sizes=\"auto, (max-width: 768px) 100vw, 768px\" \/><\/a><\/figure>\n<\/div>\n\n\n\n<div class=\"wp-block-column is-layout-flow wp-block-column-is-layout-flow\">\n<figure class=\"wp-block-image size-full\"><a href=\"https:\/\/www.compagnie-aya.com\/?page_id=40\"><img loading=\"lazy\" decoding=\"async\" width=\"768\" height=\"540\" src=\"https:\/\/www.compagnie-aya.com\/wp-content\/uploads\/2022\/09\/Spec-Couleurs-Eau.jpg\" alt=\"\" class=\"wp-image-843\" srcset=\"https:\/\/www.compagnie-aya.com\/wp-content\/uploads\/2022\/09\/Spec-Couleurs-Eau.jpg 768w, https:\/\/www.compagnie-aya.com\/wp-content\/uploads\/2022\/09\/Spec-Couleurs-Eau-300x211.jpg 300w\" sizes=\"auto, (max-width: 768px) 100vw, 768px\" \/><\/a><\/figure>\n<\/div>\n<\/div>\n\n\n\n<div class=\"wp-block-columns is-layout-flex wp-container-core-columns-is-layout-9d6595d7 wp-block-columns-is-layout-flex\">\n<div class=\"wp-block-column is-layout-flow wp-block-column-is-layout-flow\">\n<div class=\"wp-block-buttons is-content-justification-center is-layout-flex wp-container-core-buttons-is-layout-8057eaf3 wp-block-buttons-is-layout-flex\">\n<div class=\"wp-block-button\"><a class=\"wp-block-button__link has-white-background-color has-text-color has-background has-custom-font-size wp-element-button\" href=\"https:\/\/www.compagnie-aya.com\/?page_id=49\" style=\"color:#ff692f;font-size:24px\"><em>Dans Mon Cocon<\/em><\/a><\/div>\n<\/div>\n<\/div>\n\n\n\n<div class=\"wp-block-column is-layout-flow wp-block-column-is-layout-flow\">\n<div class=\"wp-block-buttons is-content-justification-center is-layout-flex wp-container-core-buttons-is-layout-51f7783f wp-block-buttons-is-layout-flex\">\n<div class=\"wp-block-button\"><a class=\"wp-block-button__link has-white-background-color has-text-color has-background has-custom-font-size wp-element-button\" href=\"https:\/\/www.compagnie-aya.com\/?page_id=40\" style=\"color:#004891;font-size:24px\"><strong><em>Les Couleurs de l&rsquo;Eau<\/em><\/strong><\/a><\/div>\n<\/div>\n<\/div>\n<\/div>\n\n\n\n<div class=\"wp-block-columns is-layout-flex wp-container-core-columns-is-layout-9d6595d7 wp-block-columns-is-layout-flex\"><\/div>\n\n\n\n<div class=\"wp-block-columns is-layout-flex wp-container-core-columns-is-layout-9d6595d7 wp-block-columns-is-layout-flex\">\n<div class=\"wp-block-column is-layout-flow wp-block-column-is-layout-flow\">\n<figure class=\"wp-block-image size-full\"><a href=\"https:\/\/www.compagnie-aya.com\/?page_id=1829\"><img loading=\"lazy\" decoding=\"async\" width=\"768\" height=\"540\" src=\"https:\/\/www.compagnie-aya.com\/wp-content\/uploads\/2025\/05\/pres-noel-spectacle.jpg\" alt=\"\" class=\"wp-image-1962\" srcset=\"https:\/\/www.compagnie-aya.com\/wp-content\/uploads\/2025\/05\/pres-noel-spectacle.jpg 768w, https:\/\/www.compagnie-aya.com\/wp-content\/uploads\/2025\/05\/pres-noel-spectacle-300x211.jpg 300w\" sizes=\"auto, (max-width: 768px) 100vw, 768px\" \/><\/a><\/figure>\n<\/div>\n\n\n\n<div class=\"wp-block-column is-layout-flow wp-block-column-is-layout-flow\"><\/div>\n<\/div>\n\n\n\n<div class=\"wp-block-columns is-layout-flex wp-container-core-columns-is-layout-9d6595d7 wp-block-columns-is-layout-flex\">\n<div class=\"wp-block-column is-layout-flow wp-block-column-is-layout-flow\">\n<div class=\"wp-block-buttons is-content-justification-center is-layout-flex wp-container-core-buttons-is-layout-8057eaf3 wp-block-buttons-is-layout-flex\">\n<div class=\"wp-block-button\"><a class=\"wp-block-button__link has-white-background-color has-text-color has-background has-custom-font-size wp-element-button\" href=\"https:\/\/www.compagnie-aya.com\/?page_id=1829\" style=\"color:#ff692f;font-size:24px\"><em><mark style=\"background-color:rgba(0, 0, 0, 0);color:#06b165\" class=\"has-inline-color\">LA FABRIQUE DE NO\u00cbL<\/mark><\/em><\/a><\/div>\n<\/div>\n<\/div>\n\n\n\n<div class=\"wp-block-column is-layout-flow wp-block-column-is-layout-flow\">\n<div class=\"wp-block-buttons is-content-justification-center is-layout-flex wp-container-core-buttons-is-layout-51f7783f wp-block-buttons-is-layout-flex\"><\/div>\n<\/div>\n<\/div>\n\n\n\n<p><\/p>\n","protected":false},"excerpt":{"rendered":"<p> &hellip; <a href=\"https:\/\/www.compagnie-aya.com\/?page_id=83\" class=\"more-link\"><span class=\"more-button\"><span class=\"screen-reader-text\">Les spectacles<\/span><\/span><\/a><\/p>\n","protected":false},"author":1,"featured_media":218,"parent":0,"menu_order":0,"comment_status":"closed","ping_status":"closed","template":"","meta":{"footnotes":""},"class_list":["post-83","page","type-page","status-publish","has-post-thumbnail","hentry"],"_links":{"self":[{"href":"https:\/\/www.compagnie-aya.com\/index.php?rest_route=\/wp\/v2\/pages\/83","targetHints":{"allow":["GET"]}}],"collection":[{"href":"https:\/\/www.compagnie-aya.com\/index.php?rest_route=\/wp\/v2\/pages"}],"about":[{"href":"https:\/\/www.compagnie-aya.com\/index.php?rest_route=\/wp\/v2\/types\/page"}],"author":[{"embeddable":true,"href":"https:\/\/www.compagnie-aya.com\/index.php?rest_route=\/wp\/v2\/users\/1"}],"replies":[{"embeddable":true,"href":"https:\/\/www.compagnie-aya.com\/index.php?rest_route=%2Fwp%2Fv2%2Fcomments&post=83"}],"version-history":[{"count":100,"href":"https:\/\/www.compagnie-aya.com\/index.php?rest_route=\/wp\/v2\/pages\/83\/revisions"}],"predecessor-version":[{"id":2017,"href":"https:\/\/www.compagnie-aya.com\/index.php?rest_route=\/wp\/v2\/pages\/83\/revisions\/2017"}],"wp:featuredmedia":[{"embeddable":true,"href":"https:\/\/www.compagnie-aya.com\/index.php?rest_route=\/wp\/v2\/media\/218"}],"wp:attachment":[{"href":"https:\/\/www.compagnie-aya.com\/index.php?rest_route=%2Fwp%2Fv2%2Fmedia&parent=83"}],"curies":[{"name":"wp","href":"https:\/\/api.w.org\/{rel}","templated":true}]}}