{"id":85,"date":"2022-06-23T21:29:18","date_gmt":"2022-06-23T19:29:18","guid":{"rendered":"https:\/\/www.compagnie-aya.com\/?page_id=85"},"modified":"2026-04-09T16:21:48","modified_gmt":"2026-04-09T14:21:48","slug":"calendrier","status":"publish","type":"page","link":"https:\/\/www.compagnie-aya.com\/?page_id=85","title":{"rendered":"Agenda"},"content":{"rendered":"\n<p><br><mark style=\"background-color:rgba(0, 0, 0, 0)\" class=\"has-inline-color has-black-color\"><em><strong>Notre \u00e9quipe en PACA\/Occitanie assure toutes les repr\u00e9sentations dans ces r\u00e9gions.<br>Notre \u00e9quipe en Ile-de-France peut jouer deux spectacles diff\u00e9rents en m\u00eame temps dans deux lieux diff\u00e9rents !<\/strong><\/em><\/mark><\/p>\n\n\n\n<p><strong><mark style=\"background-color:rgba(0, 0, 0, 0);color:#004992\" class=\"has-inline-color\">Repr\u00e9sentations \u00e0 venir :<\/mark><\/strong><mark style=\"background-color:rgba(0, 0, 0, 0)\" class=\"has-inline-color has-black-color\"><\/mark><br><mark style=\"background-color:rgba(0, 0, 0, 0)\" class=\"has-inline-color has-black-color\"><strong><em>Les Couleurs de l&rsquo;Eau<\/em><\/strong>, lundi 18 mai 2026, Ecole maternelle <em>Jacques Chirac<\/em>, Bussy-Saint-Georges (77)<\/mark><br><mark style=\"background-color:rgba(0, 0, 0, 0)\" class=\"has-inline-color has-black-color\"><strong><em>Les Couleurs de l&rsquo;Eau<\/em><\/strong>, mardi 19 mai 2026, Ecole maternelle <em>Berthelot<\/em>, Villeneuve-Saint-Georges (94)<\/mark><br><br><mark style=\"background-color:rgba(0, 0, 0, 0)\" class=\"has-inline-color has-black-color\"><strong><em>Les Couleurs de l&rsquo;Eau<\/em><\/strong>, jeudi 4 juin 2026, M\u00e9diath\u00e8que, La Motte (83)<\/mark><br><mark style=\"background-color:rgba(0, 0, 0, 0)\" class=\"has-inline-color has-black-color\"><strong><em>Les Couleurs de l&rsquo;Eau<\/em><\/strong>, vendredi 5 juin 2026, M\u00e9diath\u00e8que, Figani\u00e8res (83)<\/mark><br><mark style=\"background-color:rgba(0, 0, 0, 0)\" class=\"has-inline-color has-black-color\"><strong><em>Dans Mon Cocon<\/em><\/strong>, vendredi 12 juin 2026, RPE, Mantes-la-Ville (78)<\/mark><br><mark style=\"background-color:rgba(0, 0, 0, 0)\" class=\"has-inline-color has-black-color\"><strong><em>Les Couleurs de l&rsquo;Eau<\/em><\/strong>, mercredi 17 juin 2026, Biblioth\u00e8que, Saint-R\u00e9my-de-Provence (13)<\/mark><br><mark style=\"background-color:rgba(0, 0, 0, 0)\" class=\"has-inline-color has-black-color\"><strong><em>Les Couleurs de l&rsquo;Eau<\/em><\/strong>, jeudi 25 juin 2026, Cr\u00e8che <em>La Maison des Petits Pas<\/em>, Saint-Pierre-du-Perray (91)<\/mark><\/p>\n\n\n\n<p><mark style=\"background-color:rgba(0, 0, 0, 0)\" class=\"has-inline-color has-black-color\"><strong><em>Les Couleurs de l&rsquo;Eau<\/em><\/strong>, mardi 21 juillet 2026, RPE, Quincy-sous-S\u00e9nart(91)<\/mark><\/p>\n\n\n\n<p><mark style=\"background-color:rgba(0, 0, 0, 0)\" class=\"has-inline-color has-black-color\"><strong><em>Les Couleurs de l&rsquo;Eau<\/em><\/strong>, vendredi 4 d\u00e9cembre 2026, LAEP, Isle-sur-la-Sorgue (84)<\/mark><br><mark style=\"background-color:rgba(0, 0, 0, 0)\" class=\"has-inline-color has-black-color\"><strong><em>La Fabrique de No\u00ebl<\/em><\/strong>, lundi 14 d\u00e9cembre 2026, RPE <em>La Bulle d&rsquo;Air<\/em>, Ablis (78)<\/mark><\/p>\n\n\n\n<p><\/p>\n\n\n\n<p><\/p>\n\n\n\n<p><\/p>\n\n\n\n<p><\/p>\n\n\n\n\n\n<p><strong><mark style=\"background-color:rgba(0, 0, 0, 0);color:#004790\" class=\"has-inline-color\">Repr\u00e9sentations pass\u00e9es :<\/mark><\/strong><br>Nous avons jou\u00e9 pour :<br>&#8211; <strong>les m\u00e9diath\u00e8ques, biblioth\u00e8ques et ludoth\u00e8ques <\/strong><br><strong>du 13 <\/strong><em>(Meyrargues, Moll\u00e9g\u00e8s, Saint-Martin-de-Crau, S\u00e9nas)<\/em><br><strong>du 77<\/strong> <em>(Brou-sur-Chantereine, Bussy-Saint-Georges, Claye-Souilly, Courtry, Dammarie-l\u00e8s-Lys, Mitry-Mory, Nandy, Tournan-en-Brie, Vert-Saint-Denis)<\/em> <br><strong>du 78<\/strong> <em>(Dammarie-l\u00e8s-Lys, Les Mureaux, Voisins-le-Bretonneux)<\/em><br><strong>du 89<\/strong> (<em>Appoigny, V\u00e9ron<\/em>)<br><strong>du 91<\/strong> <em>(Draveil, Epinay-sous-S\u00e9nart, Evry-Courcouronnes, Grigny, Les Ulis)<\/em><br><strong>du 92<\/strong> <em>(Boulogne, Nanterre)<\/em><br><strong>du 93<\/strong> (<em>Bondy,<\/em> <em>L&rsquo;Ile-Saint-Denis, Les Pavillons-sous-Bois, Livry-Gargan, Saint Denis<\/em>, <em>Saint-Ouen<\/em>) <br><strong>et du 94<\/strong> <em>(<em>L&rsquo;Ha\u00ff-les-Roses<\/em><\/em>, <em>Saint-Maur-des-Foss\u00e9s)<\/em>.<\/p>\n\n\n\n<p>&#8211; <strong>les RAM-RPE <\/strong><br><strong>du 13 <\/strong><em>(S\u00e9nas)<\/em><br><strong>du 77 <\/strong><em>(Bussy-Saint-Georges, Charny, Dammartin-en-Go\u00eble, Emerainville, Lagny-sur-Marne, L\u00e9signy, Serris, Tremblay-en-France, Le M\u00e9e-sur-Seine, Nangis)<\/em><br><strong>du 78<\/strong> <em>(Ecquevilly, Plaisir, Sartrouville)<\/em><br><strong>du 84<\/strong> <em>(Isle-sur-Sorgue)<\/em><br><strong>du 91<\/strong> (<em><em>Arpajon<\/em><\/em>, <em>Epinay-sur-0rge<\/em>, <em>Milly-la-For\u00eat, Villab\u00e9<\/em>)<br><strong>du 92<\/strong> <em>(Nanterre)<\/em><br><strong>du 93 <\/strong><em><mark style=\"background-color:rgba(0, 0, 0, 0)\" class=\"has-inline-color has-black-color\">(<\/mark>Coubron, Neuilly-Plaisance) <\/em><br><strong>et<\/strong> <strong>du 95<\/strong> (<em>Beauchamp,<\/em> <em>Herblay<\/em>).<br><br>&#8211; <strong>les cr\u00e8ches et multi-accueils <\/strong><br><strong>du 13 <\/strong><em>(Rognonas)<\/em><br><strong>du 75 <\/strong><em>(19\u00e8me)<\/em><br><strong>du 77<\/strong> <em>(Bussy-Saint-Georges, Chessy, Lagny-sur-Marne, Lognes, Montereaut-Fault-Yonne, <em>Mitry-Mory<\/em><\/em>, <em>Roissy-en-Brie)<\/em><br><strong>du 78<\/strong> <em>(Boissy-sans-Avoir, Mantes-la-Ville, Plaisir, Poissy, S<em>artrouville<\/em>)<\/em> <br><strong>du 83<\/strong> <em>(Brignoles)<\/em> <br><strong>du 84 <\/strong><em>(Orange)<\/em><br><strong>du 91 <\/strong><em>(Athis-Mons, Chilly-Mazarin, <em>Corbeil-Essonnes<\/em>, Courcouronnes, Dourdan, Epinay-sous-S\u00e9nart, <em>Juvisy-sur-Orge<\/em><\/em>, <em>Palaiseau,<\/em> <em>Quincy-sous-S\u00e9nart, Ris-Orangis, Verri\u00e8res-le-Buisson, Vert-le-Petit, Wissous<\/em>)<br><strong>du 92<\/strong> <em>(Bourg-la-Reine, Colombes, Courbevoie, Gennevilliers, Nanterre) <\/em><br><strong>du 93<\/strong> <em>(Aubervilliers, Coubron, Gagny, Les Lilas, Les Pavillons-sous-Bois, Montreuil, Neuilly-sur-Marne, Saint-Denis, Sevran, Villemomble, Rosny-sous-Bois, Neuilly-sur-Marne)<\/em> <br><strong>du 94<\/strong> <em>(Bonneuil-sur-Marne, Cr\u00e9teil, <em>Fontenay-sous-Bois<\/em><\/em>, <em>Fresnes, L&rsquo;Ha\u00ff-les-Roses, Saint-Mand\u00e9, Sucy-en-Brie)<\/em> <br><strong>et du 95 <\/strong><em>(M\u00e9ry-sur-Oise, Herblay)<\/em>.<\/p>\n\n\n\n<p>&#8211; <strong>les \u00e9coles maternelles <\/strong><br><strong>du 13 <\/strong><em>(Salon-de-Provence, S\u00e9nas)<\/em><br><strong>du 77<\/strong> <em>(Bussy-Saint-Georges, Champs-sur-Marne, Conches-sur-Gondoire, Ferri\u00e8res-en-Brie, Magny-le-Hongre, Mont\u00e9vrain, Noisiel, Torcy)<\/em><br><strong>du 78<\/strong> <em>(Houilles, Mantes-la-Jolie)<\/em><br><strong>du 84<\/strong> <em>(Avignon)<\/em><br><strong>du 91<\/strong> (<em>Gonnesse<\/em>)<br><strong>du 93<\/strong> (<em>Bobigny,<\/em> <em>Bondy<\/em>) <br><strong>et du 94<\/strong> <em>(Vitry-sur-Seine)<\/em>.<\/p>\n\n\n\n<p>&#8211; <strong>les centres de loisirs du 77<\/strong> (<em>Bussy-Saint-Georges<\/em>)<br><br>&#8211; <strong>les cr\u00e8ches d\u00e9partementales du 93 <\/strong><em>(Aubervilliers, Bobigny, La Courneuve, Romainville)<\/em> <strong>et du 94<\/strong> <em>(Alfortville, Arcueil, Cachan, Champigny-sur-Marne, Chevilly-Larue, Cr\u00e9teil, Fresnes, Gentilly, Ivry-sur-Seine, Le Kremlin-Bic\u00eatre, L&rsquo;Ha\u00ff-les-Roses, Limeil-Br\u00e9vannes, Maisons-Alfort, Nogent-sur-Marne, Villejuif, Vitry-sur-Seine)<\/em><\/p>\n\n\n\n<p>&#8211; <strong>les maisons d&rsquo;accueil de l&rsquo;enfant, maisons familiales<\/strong>, <strong>maisons de quartier<\/strong> <em>de Bussy-Saint-Georges (77), Thorigny (77), Bondy (93), Sevran (93), Neuilly-sur-Marne (94) et Saint-Mand\u00e9 (94)<\/em><\/p>\n\n\n\n<p>&#8211; <strong>les cr\u00e8ches du groupe <em>Oursons et Cie<\/em><\/strong><em> <\/em><em>(Les Ulis, Rambouillet, Saint-Michel-sur- Orge)<\/em><br>&#8211; <strong>les cr\u00e8ches du groupe <em>La Maison Bleue<\/em><\/strong> <em>(Bussy-Saint-Georges, Colombes, Joinville-le-Pont, <em>Limeil-Br\u00e9vannes<\/em><\/em>, <em>Pomponne, Savigny-sur-Orge, Serris, Sucy-en-Brie)<\/em><br>&#8211; <strong>les cr\u00e8ches du groupe <em>Les Petits Chaperons Rouges<\/em> <\/strong><em>(Aulnay-sous-Bois, Noisy-le-Grand, Nogent-sur-Marne)<\/em><br>&#8211; <strong>les cr\u00e8ches du groupe <em>People And Baby <\/em><\/strong><em>(Champs-sur-Marne<em>, Courcouronnes<\/em><\/em>, <em>Saint-Denis, Wissous<\/em>)<br><br>&#8211; <strong>le centre culturel de Breteuil <\/strong>(60)<strong>, le festival <em>Graines de Musique<\/em> <\/strong>(60)<strong>, le th\u00e9\u00e2tre <em>Pixel<\/em> <\/strong>(75)<strong>.<\/strong><\/p>\n\n\n\n\n\n<p><\/p>\n\n\n\n<div class=\"wp-block-buttons is-layout-flex wp-block-buttons-is-layout-flex\">\n<div class=\"wp-block-button\"><a class=\"wp-block-button__link has-background wp-element-button\" href=\"https:\/\/www.compagnie-aya.com\/?page_id=460\" style=\"border-radius:13px;background-color:#7eacfd\">LE d\u00e9tail des repr\u00e9sentations par ann\u00e9e<\/a><\/div>\n<\/div>\n","protected":false},"excerpt":{"rendered":"<p> &hellip; <a href=\"https:\/\/www.compagnie-aya.com\/?page_id=85\" class=\"more-link\"><span class=\"more-button\"><span class=\"screen-reader-text\">Agenda<\/span><\/span><\/a><\/p>\n","protected":false},"author":1,"featured_media":0,"parent":0,"menu_order":0,"comment_status":"closed","ping_status":"closed","template":"","meta":{"footnotes":""},"class_list":["post-85","page","type-page","status-publish","hentry"],"_links":{"self":[{"href":"https:\/\/www.compagnie-aya.com\/index.php?rest_route=\/wp\/v2\/pages\/85","targetHints":{"allow":["GET"]}}],"collection":[{"href":"https:\/\/www.compagnie-aya.com\/index.php?rest_route=\/wp\/v2\/pages"}],"about":[{"href":"https:\/\/www.compagnie-aya.com\/index.php?rest_route=\/wp\/v2\/types\/page"}],"author":[{"embeddable":true,"href":"https:\/\/www.compagnie-aya.com\/index.php?rest_route=\/wp\/v2\/users\/1"}],"replies":[{"embeddable":true,"href":"https:\/\/www.compagnie-aya.com\/index.php?rest_route=%2Fwp%2Fv2%2Fcomments&post=85"}],"version-history":[{"count":375,"href":"https:\/\/www.compagnie-aya.com\/index.php?rest_route=\/wp\/v2\/pages\/85\/revisions"}],"predecessor-version":[{"id":2392,"href":"https:\/\/www.compagnie-aya.com\/index.php?rest_route=\/wp\/v2\/pages\/85\/revisions\/2392"}],"wp:attachment":[{"href":"https:\/\/www.compagnie-aya.com\/index.php?rest_route=%2Fwp%2Fv2%2Fmedia&parent=85"}],"curies":[{"name":"wp","href":"https:\/\/api.w.org\/{rel}","templated":true}]}}