{"id":87,"date":"2022-06-23T21:29:28","date_gmt":"2022-06-23T19:29:28","guid":{"rendered":"https:\/\/www.compagnie-aya.com\/?page_id=87"},"modified":"2025-10-31T22:28:30","modified_gmt":"2025-10-31T21:28:30","slug":"critiques","status":"publish","type":"page","link":"https:\/\/www.compagnie-aya.com\/?page_id=87","title":{"rendered":"Livre d&rsquo;Or"},"content":{"rendered":"\n<p class=\"has-large-font-size\"><strong><mark style=\"background-color:rgba(0, 0, 0, 0);color:#004891\" class=\"has-inline-color\">Les Couleurs de l&rsquo;Eau<\/mark><\/strong><\/p>\n\n\n\n<p><em>Le spectacle Les Couleurs de l&rsquo;Eau a compl\u00e8tement subjugu\u00e9 les enfants tr\u00e8s attentifs<\/em>. <strong>Vaucluse Matin du 22 septembre 2024. Genevi\u00e8ve Rachex<\/strong><\/p>\n\n\n\n<p><em>Un petit bijou, adapt\u00e9 aux enfants sans les infantiliser. Les capsules rythmiques sont une belle trouvaille et les jeux avec l\u2019eau et le sable sont tr\u00e8s int\u00e9ressants. Tout est de qualit\u00e9&nbsp;: le jeu des com\u00e9diennes, les chansons et les textes, la construction du spectacle.<\/em><br><strong>Une \u00e9ducatrice de la cr\u00e8che <em>Les Moulins<\/em> de Fontenay-sous-Bois<\/strong><\/p>\n\n\n\n<p><em>Les enfants \u00e9taient compl\u00e9tement immerg\u00e9s dans l\u2019histoire de la petite goutte d\u2019eau. Les b\u00e9b\u00e9s \u00e9taient fascin\u00e9s par le mouvement, les comptines et les bruits de l\u2019eau. Les plus grands participaient en r\u00e9pondant par des \u00e9clats de rire aux situations burlesques. Les familles pr\u00e9sentes au spectacle ont exprim\u00e9 leur enchantement et satisfaction de voir leur enfant tr\u00e8s int\u00e9ress\u00e9 par le spectacle. Les \u00e9quipes de la cr\u00e8che et moi avons trouv\u00e9 le spectacle adapt\u00e9 aux enfants, stimulant leur sens auditif et visuel. Nous vous remercions pour votre spectacle qui nous a tous r\u00e9jouis.<\/em><br><strong>La directrice de la cr\u00e8che <em>Les Petits Chaperons Rouges<\/em> de Noisy-le-Grand<\/strong><\/p>\n\n\n\n<p><em>Magnifique&nbsp;! tr\u00e8s adapt\u00e9 aux petits loupiots, les yeux p\u00e9tillaient. Cet \u00ab&nbsp;interactif&nbsp;\u00bb a fait passer le temps beaucoup trop vite, m\u00eame. Que du bonheur pour nous adultes aussi. Merci beaucoup&nbsp;!<\/em><br><strong>Une \u00e9ducatrice de la cr\u00e8che de La-Croix-Saint-Ouen<\/strong><\/p>\n\n\n\n<p><em> Qu\u2019est-ce que \u00e7a fait du bien&nbsp;! \u00e7a fait du bien de voir un petit b\u00e9b\u00e9 happ\u00e9 par la sc\u00e8ne&nbsp;! Des plus grands entra\u00een\u00e9s par les musiques et les sollicitations diverses&nbsp;! Les mamans \u00e9taient ravies. Et tout le monde a appr\u00e9ci\u00e9. Ce fut un succ\u00e8s et les com\u00e9diennes ont eu beaucoup de remerciements&nbsp;! Le spectacle correspond parfaitement \u00e0 ce tr\u00e8s jeune public.<\/em><br><strong>La biblioth\u00e9caire jeunesse de la M\u00e9diath\u00e8que de Les Mureaux<\/strong><\/p>\n\n\n\n<p><em>Une magnifique prestation dont nous vous remercions encore chaleureusement. Vous avez su capter l&rsquo;attention de tous, petits et grands. La variation entre le visuel, les couleurs, les lumi\u00e8res, les jeux de mains et les bruits, la musique, les chansons, tout y \u00e9tait pour le plus grand int\u00e9r\u00eat des enfants !!<\/em><br><strong>La directrice du RAM de Bussy-Saint-Georges<\/strong><\/p>\n\n\n\n<p><em>Voici quelques photos qui illustrent la bonne humeur et la joie de cette matin\u00e9e que vous avez transmises \u00e0 chacun de nous avec votre spectacle.<br>Les enfants ont beaucoup appr\u00e9ci\u00e9 l\u2019histoire de la goutte d\u2019eau qui clapote et qui \u00e9clabousse. Votre po\u00e9sie a enchant\u00e9 petits et grands et a r\u00e9pondu \u00e0 nos attentes. Merci \u00e0 vous.<\/em><br><strong>La directrice de la cr\u00e8che <em>HoulaBaloo<\/em> d&rsquo;Aubervilliers<\/strong><\/p>\n\n\n\n<p><\/p>\n\n\n\n<p><\/p>\n\n\n\n<hr class=\"wp-block-separator has-alpha-channel-opacity\"\/>\n\n\n\n<p><\/p>\n\n\n\n\n\n<p class=\"has-large-font-size\"><strong><mark style=\"background-color:rgba(0, 0, 0, 0);color:#ff6734\" class=\"has-inline-color\">Dans mon Cocon<\/mark><\/strong><\/p>\n\n\n\n<p><em>Un v\u00e9ritable conte musical \u00e9mouvant, plein de po\u00e9sie, visuel et sensoriel qui a permis \u00e0 un public interg\u00e9n\u00e9rationnel d&rsquo;\u00e9prouver moult sensations olfactives et tactiles sur fond de zagdrum et de carillons japonais. Original et didactique ! <\/em><br><strong>L&rsquo;Yonne R\u00e9publicaine du 21 octobre 2025<\/strong><br><br><em>Le spectacle \u00ab\u00a0Dans mon cocon\u00a0\u00bb que mes \u00e9l\u00e8ves de petite et grande section sont all\u00e9s voir \u00e0 la m\u00e9diath\u00e8que \u00e9tait super. Spectacle plein de po\u00e9sie et de magie, m\u00ealant musique et d\u00e9cor de chambre d&rsquo;enfants: doudous, coussins&#8230;.Les \u00e9l\u00e8ves ont \u00ab\u00a0saut\u00e9\u00a0 \u00e0 pieds joints\u00a0\u00bb dans cet univers. Les 2 com\u00e9diennes ont su parler aux enfants avec des th\u00e8mes qui leur sont proches. Vraiment un grand bravo \u00e0 tous !<\/em><br><strong>Une enseignante de l&rsquo;\u00e9cole maternelle <em>Charles Perrault <\/em>de Bussy-Saint-Georges<\/strong><\/p>\n\n\n\n<p><em>Le spectacle est tr\u00e8s r\u00e9ussi. C&rsquo;\u00e9tait apaisant, cela a fait du bien \u00e0 tout le monde. Les enfants participaient, ils riaient, parfois ils \u00e9taient bouche b\u00e9e, m\u00eame les b\u00e9b\u00e9s ! <\/em>Ils <em>\u00e9taient heureux et pour moi, c&rsquo;est tout ce qui compte.<\/em><br><strong>Une des \u00e9ducatrices de la cr\u00e8che d\u00e9partementale <em>Docteur Parat<\/em> de Romainville<\/strong><\/p>\n\n\n\n<p><em>L&rsquo;\u00e9coute de tous, m\u00eame des plus petits, est incroyable ! Nous sommes impressionn\u00e9es, c&rsquo;\u00e9tait un tr\u00e8s beau moment, et pourtant nous ne disposons que d&rsquo;un petit espace. Les enfants ne voulaient plus repartir, j&rsquo;esp\u00e8re que vous pourrez revenir nous voir !<\/em><br><strong>Une des \u00e9ducatrices de la cr\u00e8che d\u00e9partementale <em>De Gaulle<\/em> de Nogent-sur-Marne<\/strong><\/p>\n\n\n\n<p><em>C&rsquo;est un spectacle tr\u00e8s r\u00e9ussi, les chansons sont tr\u00e8s belles, c&rsquo;est apaisant et r\u00e9confortant, c&rsquo;est parfait pour l&rsquo;hiver, j&rsquo;ai appr\u00e9ci\u00e9 les petites pointes d&rsquo;humour, m\u00eame moi j&rsquo;\u00e9tais une grande enfant bouche b\u00e9e.<\/em><br><strong>La directrice de la cr\u00e8che <em>La Pomponni\u00e8re<\/em> de Pomponne et son \u00e9quipe (groupe La Maison Bleue)<\/strong><\/p>\n\n\n\n<p><em>Nous avons beaucoup aim\u00e9&nbsp;!!! L\u2019alternance du visuel et du sonore capte autant les petits que les grands, ainsi que l\u2019utilisation des comptines connues ou moins connues, mais toujours simples \u00e0 retenir. Le public a rapidement repris les chansons. J\u2019esp\u00e8re que vous poursuivrez \u00e0 nous enchanter avec vos spectacles.<\/em><br><strong>La directrice du RAM de Bussy-Saint-Georges<\/strong><\/p>\n\n\n\n\n\n<p><\/p>\n\n\n\n\n\n<hr class=\"wp-block-separator has-alpha-channel-opacity\"\/>\n\n\n\n<p class=\"has-text-color has-link-color has-large-font-size wp-elements-53b455cba193504703e7daf2ebc8be20\" style=\"color:#09bd18\"><strong><mark style=\"background-color:rgba(0, 0, 0, 0);color:#06b165\" class=\"has-inline-color\">La Fabrique de No\u00ebl<\/mark><\/strong><br><\/p>\n\n\n\n<p><em>Nous avons vraiment appr\u00e9ci\u00e9 le spectacle et les enfants ont pass\u00e9 un moment magique dans la Fabrique de No\u00ebl.<\/em><br><strong>La directrice de l&rsquo;\u00e9cole maternelle Marcel Pagnol de S\u00e9nas<\/strong><\/p>\n\n\n\n<p><em>ENCORE MERCI BEAUCOUP d&rsquo;avoir mis de la magie dans notre f\u00eate de No\u00ebl !<\/em><br><strong>La directrice de la cr\u00e8che la Poupounetto de Rognonas<\/strong><\/p>\n\n\n\n<p><\/p>\n\n\n\n<p><\/p>\n","protected":false},"excerpt":{"rendered":"<p> &hellip; <a href=\"https:\/\/www.compagnie-aya.com\/?page_id=87\" class=\"more-link\"><span class=\"more-button\"><span class=\"screen-reader-text\">Livre d&rsquo;Or<\/span><\/span><\/a><\/p>\n","protected":false},"author":1,"featured_media":0,"parent":0,"menu_order":0,"comment_status":"closed","ping_status":"closed","template":"","meta":{"footnotes":""},"class_list":["post-87","page","type-page","status-publish","hentry"],"_links":{"self":[{"href":"https:\/\/www.compagnie-aya.com\/index.php?rest_route=\/wp\/v2\/pages\/87","targetHints":{"allow":["GET"]}}],"collection":[{"href":"https:\/\/www.compagnie-aya.com\/index.php?rest_route=\/wp\/v2\/pages"}],"about":[{"href":"https:\/\/www.compagnie-aya.com\/index.php?rest_route=\/wp\/v2\/types\/page"}],"author":[{"embeddable":true,"href":"https:\/\/www.compagnie-aya.com\/index.php?rest_route=\/wp\/v2\/users\/1"}],"replies":[{"embeddable":true,"href":"https:\/\/www.compagnie-aya.com\/index.php?rest_route=%2Fwp%2Fv2%2Fcomments&post=87"}],"version-history":[{"count":43,"href":"https:\/\/www.compagnie-aya.com\/index.php?rest_route=\/wp\/v2\/pages\/87\/revisions"}],"predecessor-version":[{"id":2217,"href":"https:\/\/www.compagnie-aya.com\/index.php?rest_route=\/wp\/v2\/pages\/87\/revisions\/2217"}],"wp:attachment":[{"href":"https:\/\/www.compagnie-aya.com\/index.php?rest_route=%2Fwp%2Fv2%2Fmedia&parent=87"}],"curies":[{"name":"wp","href":"https:\/\/api.w.org\/{rel}","templated":true}]}}