{"id":89,"date":"2022-06-23T21:29:38","date_gmt":"2022-06-23T19:29:38","guid":{"rendered":"https:\/\/www.compagnie-aya.com\/?page_id=89"},"modified":"2026-03-25T16:34:12","modified_gmt":"2026-03-25T15:34:12","slug":"lequipe","status":"publish","type":"page","link":"https:\/\/www.compagnie-aya.com\/?page_id=89","title":{"rendered":"La compagnie"},"content":{"rendered":"\n<p>Elle a \u00e9t\u00e9 cr\u00e9\u00e9e en 2006. <br>Sa premi\u00e8re cr\u00e9ation jeune public, <em>La F\u00e9e des R\u00eaves<\/em>, a vu le jour en 2008. Sa seconde, <em>Petit Carton<\/em>, en 2011.<\/p>\n\n\n\n<p><em><strong>Les Couleurs de l&rsquo;Eau<\/strong><\/em> s&rsquo;est jou\u00e9 pour la premi\u00e8re fois en 2016. Depuis, ce spectacle comptabilise 240 repr\u00e9sentations.<br><em><strong>Dans Mon Cocon<\/strong><\/em> est n\u00e9 en 2019. A ce jour, nous l&rsquo;avons jou\u00e9 100 fois.<br><strong><em>La Fabrique de No\u00ebl<\/em><\/strong> a \u00e9t\u00e9 cr\u00e9\u00e9 en d\u00e9cembre 2024. A ce jour, nous l&rsquo;avons jou\u00e9 34 fois.<\/p>\n\n\n\n<p><\/p>\n\n\n\n<p>Tous nos artistes sont sp\u00e9cialis\u00e9s dans le spectacle Jeune et Tr\u00e8s Jeune Public.<\/p>\n\n\n\n<p><\/p>\n","protected":false},"excerpt":{"rendered":"<p> &hellip; <a href=\"https:\/\/www.compagnie-aya.com\/?page_id=89\" class=\"more-link\"><span class=\"more-button\"><span class=\"screen-reader-text\">La compagnie<\/span><\/span><\/a><\/p>\n","protected":false},"author":1,"featured_media":0,"parent":0,"menu_order":0,"comment_status":"closed","ping_status":"closed","template":"","meta":{"footnotes":""},"class_list":["post-89","page","type-page","status-publish","hentry"],"_links":{"self":[{"href":"https:\/\/www.compagnie-aya.com\/index.php?rest_route=\/wp\/v2\/pages\/89","targetHints":{"allow":["GET"]}}],"collection":[{"href":"https:\/\/www.compagnie-aya.com\/index.php?rest_route=\/wp\/v2\/pages"}],"about":[{"href":"https:\/\/www.compagnie-aya.com\/index.php?rest_route=\/wp\/v2\/types\/page"}],"author":[{"embeddable":true,"href":"https:\/\/www.compagnie-aya.com\/index.php?rest_route=\/wp\/v2\/users\/1"}],"replies":[{"embeddable":true,"href":"https:\/\/www.compagnie-aya.com\/index.php?rest_route=%2Fwp%2Fv2%2Fcomments&post=89"}],"version-history":[{"count":23,"href":"https:\/\/www.compagnie-aya.com\/index.php?rest_route=\/wp\/v2\/pages\/89\/revisions"}],"predecessor-version":[{"id":2380,"href":"https:\/\/www.compagnie-aya.com\/index.php?rest_route=\/wp\/v2\/pages\/89\/revisions\/2380"}],"wp:attachment":[{"href":"https:\/\/www.compagnie-aya.com\/index.php?rest_route=%2Fwp%2Fv2%2Fmedia&parent=89"}],"curies":[{"name":"wp","href":"https:\/\/api.w.org\/{rel}","templated":true}]}}